{"id":130,"date":"2020-11-06T09:38:59","date_gmt":"2020-11-06T08:38:59","guid":{"rendered":"http:\/\/www.von-wersabe.de\/wordpress\/?page_id=130"},"modified":"2021-04-15T00:04:27","modified_gmt":"2021-04-14T22:04:27","slug":"unsere-hunde","status":"publish","type":"page","link":"https:\/\/www.von-wersabe.de\/?page_id=130","title":{"rendered":"Unsere Hunde"},"content":{"rendered":"\t\t<div data-elementor-type=\"wp-page\" data-elementor-id=\"130\" class=\"elementor elementor-130\">\n\t\t\t\t\t\t<section class=\"elementor-section elementor-top-section elementor-element elementor-element-25392af elementor-section-boxed elementor-section-height-default elementor-section-height-default\" data-id=\"25392af\" data-element_type=\"section\" data-e-type=\"section\">\n\t\t\t\t\t\t<div class=\"elementor-container elementor-column-gap-default\">\n\t\t\t\t\t<div class=\"elementor-column elementor-col-100 elementor-top-column elementor-element elementor-element-df2cefd\" data-id=\"df2cefd\" data-element_type=\"column\" data-e-type=\"column\">\n\t\t\t<div class=\"elementor-widget-wrap elementor-element-populated\">\n\t\t\t\t\t\t<div class=\"elementor-element elementor-element-b257477 elementor-hidden-phone elementor-widget elementor-widget-image\" data-id=\"b257477\" data-element_type=\"widget\" data-e-type=\"widget\" data-widget_type=\"image.default\">\n\t\t\t\t<div class=\"elementor-widget-container\">\n\t\t\t\t\t\t\t\t\t\t\t\t\t\t\t<img fetchpriority=\"high\" decoding=\"async\" width=\"1919\" height=\"635\" src=\"https:\/\/www.von-wersabe.de\/wp-content\/uploads\/2021\/03\/start-1.jpg\" class=\"attachment-full size-full wp-image-1121\" alt=\"\" srcset=\"https:\/\/www.von-wersabe.de\/wp-content\/uploads\/2021\/03\/start-1.jpg 1919w, https:\/\/www.von-wersabe.de\/wp-content\/uploads\/2021\/03\/start-1-300x99.jpg 300w, https:\/\/www.von-wersabe.de\/wp-content\/uploads\/2021\/03\/start-1-1024x339.jpg 1024w, https:\/\/www.von-wersabe.de\/wp-content\/uploads\/2021\/03\/start-1-768x254.jpg 768w, https:\/\/www.von-wersabe.de\/wp-content\/uploads\/2021\/03\/start-1-1536x508.jpg 1536w, https:\/\/www.von-wersabe.de\/wp-content\/uploads\/2021\/03\/start-1-1200x397.jpg 1200w\" sizes=\"(max-width: 1919px) 100vw, 1919px\" \/>\t\t\t\t\t\t\t\t\t\t\t\t\t\t\t<\/div>\n\t\t\t\t<\/div>\n\t\t\t\t\t<\/div>\n\t\t<\/div>\n\t\t\t\t\t<\/div>\n\t\t<\/section>\n\t\t\t\t<section class=\"elementor-section elementor-top-section elementor-element elementor-element-e05d42e elementor-hidden-desktop elementor-hidden-tablet elementor-section-boxed elementor-section-height-default elementor-section-height-default\" data-id=\"e05d42e\" data-element_type=\"section\" data-e-type=\"section\">\n\t\t\t\t\t\t<div class=\"elementor-container elementor-column-gap-default\">\n\t\t\t\t\t<div class=\"elementor-column elementor-col-100 elementor-top-column elementor-element elementor-element-28fb277\" data-id=\"28fb277\" data-element_type=\"column\" data-e-type=\"column\">\n\t\t\t<div class=\"elementor-widget-wrap elementor-element-populated\">\n\t\t\t\t\t\t<div class=\"elementor-element elementor-element-bf01ab1 elementor-widget elementor-widget-image\" data-id=\"bf01ab1\" data-element_type=\"widget\" data-e-type=\"widget\" data-widget_type=\"image.default\">\n\t\t\t\t<div class=\"elementor-widget-container\">\n\t\t\t\t\t\t\t\t\t\t\t\t\t\t\t<img decoding=\"async\" width=\"580\" height=\"747\" src=\"https:\/\/www.von-wersabe.de\/wp-content\/uploads\/2021\/03\/start_mobil-795x1024.jpg\" class=\"attachment-large size-large wp-image-1120\" alt=\"\" srcset=\"https:\/\/www.von-wersabe.de\/wp-content\/uploads\/2021\/03\/start_mobil-795x1024.jpg 795w, https:\/\/www.von-wersabe.de\/wp-content\/uploads\/2021\/03\/start_mobil-233x300.jpg 233w, https:\/\/www.von-wersabe.de\/wp-content\/uploads\/2021\/03\/start_mobil-768x989.jpg 768w, https:\/\/www.von-wersabe.de\/wp-content\/uploads\/2021\/03\/start_mobil.jpg 986w\" sizes=\"(max-width: 580px) 100vw, 580px\" \/>\t\t\t\t\t\t\t\t\t\t\t\t\t\t\t<\/div>\n\t\t\t\t<\/div>\n\t\t\t\t\t<\/div>\n\t\t<\/div>\n\t\t\t\t\t<\/div>\n\t\t<\/section>\n\t\t\t\t<section class=\"elementor-section elementor-top-section elementor-element elementor-element-2fad7b3c elementor-section-boxed elementor-section-height-default elementor-section-height-default\" data-id=\"2fad7b3c\" data-element_type=\"section\" data-e-type=\"section\" data-settings=\"{&quot;background_background&quot;:&quot;classic&quot;}\">\n\t\t\t\t\t\t<div class=\"elementor-container elementor-column-gap-default\">\n\t\t\t\t\t<div class=\"elementor-column elementor-col-100 elementor-top-column elementor-element elementor-element-664107b5\" data-id=\"664107b5\" data-element_type=\"column\" data-e-type=\"column\">\n\t\t\t<div class=\"elementor-widget-wrap elementor-element-populated\">\n\t\t\t\t\t\t<div class=\"elementor-element elementor-element-f149d6c elementor-widget elementor-widget-heading\" data-id=\"f149d6c\" data-element_type=\"widget\" data-e-type=\"widget\" data-widget_type=\"heading.default\">\n\t\t\t\t<div class=\"elementor-widget-container\">\n\t\t\t\t\t<h1 class=\"elementor-heading-title elementor-size-default\">Zuchth\u00fcndinnen<\/h1>\t\t\t\t<\/div>\n\t\t\t\t<\/div>\n\t\t\t\t\t<\/div>\n\t\t<\/div>\n\t\t\t\t\t<\/div>\n\t\t<\/section>\n\t\t\t\t<section class=\"elementor-section elementor-top-section elementor-element elementor-element-2a837925 elementor-section-content-middle elementor-section-boxed elementor-section-height-default elementor-section-height-default\" data-id=\"2a837925\" data-element_type=\"section\" data-e-type=\"section\" data-settings=\"{&quot;background_background&quot;:&quot;classic&quot;}\">\n\t\t\t\t\t\t<div class=\"elementor-container elementor-column-gap-wider\">\n\t\t\t\t\t<div class=\"elementor-column elementor-col-33 elementor-top-column elementor-element elementor-element-62834192\" data-id=\"62834192\" data-element_type=\"column\" data-e-type=\"column\">\n\t\t\t<div class=\"elementor-widget-wrap elementor-element-populated\">\n\t\t\t\t\t\t<div class=\"elementor-element elementor-element-6b51f57b elementor-widget elementor-widget-image\" data-id=\"6b51f57b\" data-element_type=\"widget\" data-e-type=\"widget\" data-widget_type=\"image.default\">\n\t\t\t\t<div class=\"elementor-widget-container\">\n\t\t\t\t\t\t\t\t\t\t\t\t\t\t\t<img decoding=\"async\" width=\"600\" height=\"429\" src=\"https:\/\/www.von-wersabe.de\/wp-content\/uploads\/2020\/11\/zuchthuendinnen_1.jpg\" class=\"attachment-full size-full wp-image-378\" alt=\"\" srcset=\"https:\/\/www.von-wersabe.de\/wp-content\/uploads\/2020\/11\/zuchthuendinnen_1.jpg 600w, https:\/\/www.von-wersabe.de\/wp-content\/uploads\/2020\/11\/zuchthuendinnen_1-300x215.jpg 300w\" sizes=\"(max-width: 600px) 100vw, 600px\" \/>\t\t\t\t\t\t\t\t\t\t\t\t\t\t\t<\/div>\n\t\t\t\t<\/div>\n\t\t\t\t<div class=\"elementor-element elementor-element-25680d20 elementor-widget elementor-widget-icon-box\" data-id=\"25680d20\" data-element_type=\"widget\" data-e-type=\"widget\" data-widget_type=\"icon-box.default\">\n\t\t\t\t<div class=\"elementor-widget-container\">\n\t\t\t\t\t\t\t<div class=\"elementor-icon-box-wrapper\">\n\n\t\t\t\n\t\t\t\t\t\t<div class=\"elementor-icon-box-content\">\n\n\t\t\t\t\t\t\t\t\t<h3 class=\"elementor-icon-box-title\">\n\t\t\t\t\t\t<span  >\n\t\t\t\t\t\t\tFrieda von Wersabe\t\t\t\t\t\t<\/span>\n\t\t\t\t\t<\/h3>\n\t\t\t\t\n\t\t\t\t\t\t\t\t\t<p class=\"elementor-icon-box-description\">\n\t\t\t\t\t\tgew\u00f6lft am 25.07.2008 nach Zidane ut Eyther-Land und aus Anna vom Nienmarkt\t\t\t\t\t<\/p>\n\t\t\t\t\n\t\t\t<\/div>\n\t\t\t\n\t\t<\/div>\n\t\t\t\t\t\t<\/div>\n\t\t\t\t<\/div>\n\t\t\t\t\t<\/div>\n\t\t<\/div>\n\t\t\t\t<div class=\"elementor-column elementor-col-33 elementor-top-column elementor-element elementor-element-647beb02\" data-id=\"647beb02\" data-element_type=\"column\" data-e-type=\"column\">\n\t\t\t<div class=\"elementor-widget-wrap elementor-element-populated\">\n\t\t\t\t\t\t<div class=\"elementor-element elementor-element-14e1cef9 elementor-widget elementor-widget-image\" data-id=\"14e1cef9\" data-element_type=\"widget\" data-e-type=\"widget\" data-widget_type=\"image.default\">\n\t\t\t\t<div class=\"elementor-widget-container\">\n\t\t\t\t\t\t\t\t\t\t\t\t\t\t\t<img loading=\"lazy\" decoding=\"async\" width=\"600\" height=\"450\" src=\"https:\/\/www.von-wersabe.de\/wp-content\/uploads\/2020\/11\/zuchthuendinnen_2.jpg\" class=\"attachment-full size-full wp-image-379\" alt=\"\" srcset=\"https:\/\/www.von-wersabe.de\/wp-content\/uploads\/2020\/11\/zuchthuendinnen_2.jpg 600w, https:\/\/www.von-wersabe.de\/wp-content\/uploads\/2020\/11\/zuchthuendinnen_2-300x225.jpg 300w\" sizes=\"(max-width: 600px) 100vw, 600px\" \/>\t\t\t\t\t\t\t\t\t\t\t\t\t\t\t<\/div>\n\t\t\t\t<\/div>\n\t\t\t\t<div class=\"elementor-element elementor-element-7fda9215 elementor-widget elementor-widget-icon-box\" data-id=\"7fda9215\" data-element_type=\"widget\" data-e-type=\"widget\" data-widget_type=\"icon-box.default\">\n\t\t\t\t<div class=\"elementor-widget-container\">\n\t\t\t\t\t\t\t<div class=\"elementor-icon-box-wrapper\">\n\n\t\t\t\n\t\t\t\t\t\t<div class=\"elementor-icon-box-content\">\n\n\t\t\t\t\t\t\t\t\t<h3 class=\"elementor-icon-box-title\">\n\t\t\t\t\t\t<span  >\n\t\t\t\t\t\t\tJamainas Esta\t\t\t\t\t\t<\/span>\n\t\t\t\t\t<\/h3>\n\t\t\t\t\n\t\t\t\t\t\t\t\t\t<p class=\"elementor-icon-box-description\">\n\t\t\t\t\t\tgew\u00f6lft am 25.01.2015 nach Scotland King\u00b4s Edgar und aus Jamainas Bajen\t\t\t\t\t<\/p>\n\t\t\t\t\n\t\t\t<\/div>\n\t\t\t\n\t\t<\/div>\n\t\t\t\t\t\t<\/div>\n\t\t\t\t<\/div>\n\t\t\t\t\t<\/div>\n\t\t<\/div>\n\t\t\t\t<div class=\"elementor-column elementor-col-33 elementor-top-column elementor-element elementor-element-18bd4c3d\" data-id=\"18bd4c3d\" data-element_type=\"column\" data-e-type=\"column\">\n\t\t\t<div class=\"elementor-widget-wrap elementor-element-populated\">\n\t\t\t\t\t\t<div class=\"elementor-element elementor-element-38303936 elementor-widget elementor-widget-image\" data-id=\"38303936\" data-element_type=\"widget\" data-e-type=\"widget\" data-widget_type=\"image.default\">\n\t\t\t\t<div class=\"elementor-widget-container\">\n\t\t\t\t\t\t\t\t\t\t\t\t\t\t\t<img loading=\"lazy\" decoding=\"async\" width=\"600\" height=\"450\" src=\"https:\/\/www.von-wersabe.de\/wp-content\/uploads\/2020\/11\/zuchthuendinnen_3.jpg\" class=\"attachment-full size-full wp-image-380\" alt=\"\" srcset=\"https:\/\/www.von-wersabe.de\/wp-content\/uploads\/2020\/11\/zuchthuendinnen_3.jpg 600w, https:\/\/www.von-wersabe.de\/wp-content\/uploads\/2020\/11\/zuchthuendinnen_3-300x225.jpg 300w\" sizes=\"(max-width: 600px) 100vw, 600px\" \/>\t\t\t\t\t\t\t\t\t\t\t\t\t\t\t<\/div>\n\t\t\t\t<\/div>\n\t\t\t\t<div class=\"elementor-element elementor-element-78bf6faf elementor-widget elementor-widget-icon-box\" data-id=\"78bf6faf\" data-element_type=\"widget\" data-e-type=\"widget\" data-widget_type=\"icon-box.default\">\n\t\t\t\t<div class=\"elementor-widget-container\">\n\t\t\t\t\t\t\t<div class=\"elementor-icon-box-wrapper\">\n\n\t\t\t\n\t\t\t\t\t\t<div class=\"elementor-icon-box-content\">\n\n\t\t\t\t\t\t\t\t\t<h3 class=\"elementor-icon-box-title\">\n\t\t\t\t\t\t<span  >\n\t\t\t\t\t\t\tOndra von Wersabe\t\t\t\t\t\t<\/span>\n\t\t\t\t\t<\/h3>\n\t\t\t\t\n\t\t\t\t\t\t\t\t\t<p class=\"elementor-icon-box-description\">\n\t\t\t\t\t\tgew\u00f6lft am 21.05.2015 nach Coachman\u00b4s Rebel of Bavaria und aus Frieda von Wersabe\t\t\t\t\t<\/p>\n\t\t\t\t\n\t\t\t<\/div>\n\t\t\t\n\t\t<\/div>\n\t\t\t\t\t\t<\/div>\n\t\t\t\t<\/div>\n\t\t\t\t\t<\/div>\n\t\t<\/div>\n\t\t\t\t\t<\/div>\n\t\t<\/section>\n\t\t\t\t<section class=\"elementor-section elementor-top-section elementor-element elementor-element-1ad6701f elementor-section-boxed elementor-section-height-default elementor-section-height-default\" data-id=\"1ad6701f\" data-element_type=\"section\" data-e-type=\"section\" data-settings=\"{&quot;background_background&quot;:&quot;classic&quot;}\">\n\t\t\t\t\t\t<div class=\"elementor-container elementor-column-gap-default\">\n\t\t\t\t\t<div class=\"elementor-column elementor-col-100 elementor-top-column elementor-element elementor-element-3cc59cac\" data-id=\"3cc59cac\" data-element_type=\"column\" data-e-type=\"column\">\n\t\t\t<div class=\"elementor-widget-wrap elementor-element-populated\">\n\t\t\t\t\t\t<div class=\"elementor-element elementor-element-20e2cf32 elementor-widget elementor-widget-image-gallery\" data-id=\"20e2cf32\" data-element_type=\"widget\" data-e-type=\"widget\" data-widget_type=\"image-gallery.default\">\n\t\t\t\t<div class=\"elementor-widget-container\">\n\t\t\t\t\t\t\t<div class=\"elementor-image-gallery\">\n\t\t\t<div id='gallery-1' class='gallery galleryid-130 gallery-columns-3 gallery-size-full'><figure class='gallery-item'>\n\t\t\t<div class='gallery-icon landscape'>\n\t\t\t\t<a data-elementor-open-lightbox=\"yes\" data-elementor-lightbox-slideshow=\"20e2cf32\" data-elementor-lightbox-title=\"2015_01_19_14\" data-e-action-hash=\"#elementor-action%3Aaction%3Dlightbox%26settings%3DeyJpZCI6MzYxLCJ1cmwiOiJodHRwczpcL1wvd3d3LnZvbi13ZXJzYWJlLmRlXC93cC1jb250ZW50XC91cGxvYWRzXC8yMDIwXC8xMVwvMjAxNV8wMV8xOV8xNC5qcGciLCJzbGlkZXNob3ciOiIyMGUyY2YzMiJ9\" href='https:\/\/www.von-wersabe.de\/wp-content\/uploads\/2020\/11\/2015_01_19_14.jpg'><img loading=\"lazy\" decoding=\"async\" width=\"600\" height=\"400\" src=\"https:\/\/www.von-wersabe.de\/wp-content\/uploads\/2020\/11\/2015_01_19_14.jpg\" class=\"attachment-full size-full\" alt=\"\" srcset=\"https:\/\/www.von-wersabe.de\/wp-content\/uploads\/2020\/11\/2015_01_19_14.jpg 600w, https:\/\/www.von-wersabe.de\/wp-content\/uploads\/2020\/11\/2015_01_19_14-300x200.jpg 300w\" sizes=\"(max-width: 600px) 100vw, 600px\" \/><\/a>\n\t\t\t<\/div><\/figure><figure class='gallery-item'>\n\t\t\t<div class='gallery-icon landscape'>\n\t\t\t\t<a data-elementor-open-lightbox=\"yes\" data-elementor-lightbox-slideshow=\"20e2cf32\" data-elementor-lightbox-title=\"IMG_4564mail\" data-e-action-hash=\"#elementor-action%3Aaction%3Dlightbox%26settings%3DeyJpZCI6MzYzLCJ1cmwiOiJodHRwczpcL1wvd3d3LnZvbi13ZXJzYWJlLmRlXC93cC1jb250ZW50XC91cGxvYWRzXC8yMDIwXC8xMVwvSU1HXzQ1NjRtYWlsLmpwZyIsInNsaWRlc2hvdyI6IjIwZTJjZjMyIn0%3D\" href='https:\/\/www.von-wersabe.de\/wp-content\/uploads\/2020\/11\/IMG_4564mail.jpg'><img loading=\"lazy\" decoding=\"async\" width=\"800\" height=\"533\" src=\"https:\/\/www.von-wersabe.de\/wp-content\/uploads\/2020\/11\/IMG_4564mail.jpg\" class=\"attachment-full size-full\" alt=\"\" srcset=\"https:\/\/www.von-wersabe.de\/wp-content\/uploads\/2020\/11\/IMG_4564mail.jpg 800w, https:\/\/www.von-wersabe.de\/wp-content\/uploads\/2020\/11\/IMG_4564mail-300x200.jpg 300w, https:\/\/www.von-wersabe.de\/wp-content\/uploads\/2020\/11\/IMG_4564mail-768x512.jpg 768w\" sizes=\"(max-width: 800px) 100vw, 800px\" \/><\/a>\n\t\t\t<\/div><\/figure><figure class='gallery-item'>\n\t\t\t<div class='gallery-icon landscape'>\n\t\t\t\t<a data-elementor-open-lightbox=\"yes\" data-elementor-lightbox-slideshow=\"20e2cf32\" data-elementor-lightbox-title=\"IMG_5832\" data-e-action-hash=\"#elementor-action%3Aaction%3Dlightbox%26settings%3DeyJpZCI6MzY0LCJ1cmwiOiJodHRwczpcL1wvd3d3LnZvbi13ZXJzYWJlLmRlXC93cC1jb250ZW50XC91cGxvYWRzXC8yMDIwXC8xMVwvSU1HXzU4MzIuanBnIiwic2xpZGVzaG93IjoiMjBlMmNmMzIifQ%3D%3D\" href='https:\/\/www.von-wersabe.de\/wp-content\/uploads\/2020\/11\/IMG_5832.jpg'><img loading=\"lazy\" decoding=\"async\" width=\"800\" height=\"533\" src=\"https:\/\/www.von-wersabe.de\/wp-content\/uploads\/2020\/11\/IMG_5832.jpg\" class=\"attachment-full size-full\" alt=\"\" srcset=\"https:\/\/www.von-wersabe.de\/wp-content\/uploads\/2020\/11\/IMG_5832.jpg 800w, https:\/\/www.von-wersabe.de\/wp-content\/uploads\/2020\/11\/IMG_5832-300x200.jpg 300w, https:\/\/www.von-wersabe.de\/wp-content\/uploads\/2020\/11\/IMG_5832-768x512.jpg 768w\" sizes=\"(max-width: 800px) 100vw, 800px\" \/><\/a>\n\t\t\t<\/div><\/figure>\n\t\t<\/div>\n\t\t<\/div>\n\t\t\t\t\t\t<\/div>\n\t\t\t\t<\/div>\n\t\t\t\t\t<\/div>\n\t\t<\/div>\n\t\t\t\t\t<\/div>\n\t\t<\/section>\n\t\t\t\t<section class=\"elementor-section elementor-top-section elementor-element elementor-element-0aaf3ce elementor-section-boxed elementor-section-height-default elementor-section-height-default\" data-id=\"0aaf3ce\" data-element_type=\"section\" data-e-type=\"section\">\n\t\t\t\t\t\t<div class=\"elementor-container elementor-column-gap-default\">\n\t\t\t\t\t<div class=\"elementor-column elementor-col-100 elementor-top-column elementor-element elementor-element-ac6fabf\" data-id=\"ac6fabf\" data-element_type=\"column\" data-e-type=\"column\">\n\t\t\t<div class=\"elementor-widget-wrap elementor-element-populated\">\n\t\t\t\t\t\t<div class=\"elementor-element elementor-element-115c01f elementor-widget elementor-widget-text-editor\" data-id=\"115c01f\" data-element_type=\"widget\" data-e-type=\"widget\" data-widget_type=\"text-editor.default\">\n\t\t\t\t<div class=\"elementor-widget-container\">\n\t\t\t\t\t\t\t\t\t<p class=\"link\"><a href=\"https:\/\/www.von-wersabe.de\/impressum\/\">Impressum<\/a> | <a href=\"https:\/\/www.von-wersabe.de\/datenschutz\">Datenschutz<\/a><\/p>\t\t\t\t\t\t\t\t<\/div>\n\t\t\t\t<\/div>\n\t\t\t\t\t<\/div>\n\t\t<\/div>\n\t\t\t\t\t<\/div>\n\t\t<\/section>\n\t\t\t\t<\/div>\n\t\t","protected":false},"excerpt":{"rendered":"<p>Zuchth\u00fcndinnen Frieda von Wersabe gew\u00f6lft am 25.07.2008 nach Zidane ut Eyther-Land und aus Anna vom Nienmarkt Jamainas Esta gew\u00f6lft am 25.01.2015 nach Scotland King\u00b4s Edgar und aus Jamainas Bajen Ondra von Wersabe gew\u00f6lft am 21.05.2015 nach Coachman\u00b4s Rebel of Bavaria und aus Frieda von Wersabe Impressum | Datenschutz<\/p>\n","protected":false},"author":1,"featured_media":0,"parent":0,"menu_order":0,"comment_status":"closed","ping_status":"closed","template":"","meta":{"footnotes":""},"class_list":["post-130","page","type-page","status-publish","hentry"],"yoast_head":"<!-- This site is optimized with the Yoast SEO plugin v25.6 - https:\/\/yoast.com\/wordpress\/plugins\/seo\/ -->\n<title>Unsere Hunde -<\/title>\n<meta name=\"robots\" content=\"index, follow, max-snippet:-1, max-image-preview:large, max-video-preview:-1\" \/>\n<link rel=\"canonical\" href=\"https:\/\/www.von-wersabe.de\/?page_id=130\" \/>\n<meta property=\"og:locale\" content=\"de_DE\" \/>\n<meta property=\"og:type\" content=\"article\" \/>\n<meta property=\"og:title\" content=\"Unsere Hunde -\" \/>\n<meta property=\"og:description\" content=\"Zuchth\u00fcndinnen Frieda von Wersabe gew\u00f6lft am 25.07.2008 nach Zidane ut Eyther-Land und aus Anna vom Nienmarkt Jamainas Esta gew\u00f6lft am 25.01.2015 nach Scotland King\u00b4s Edgar und aus Jamainas Bajen Ondra von Wersabe gew\u00f6lft am 21.05.2015 nach Coachman\u00b4s Rebel of Bavaria und aus Frieda von Wersabe Impressum | Datenschutz\" \/>\n<meta property=\"og:url\" content=\"https:\/\/www.von-wersabe.de\/?page_id=130\" \/>\n<meta property=\"article:modified_time\" content=\"2021-04-14T22:04:27+00:00\" \/>\n<meta property=\"og:image\" content=\"https:\/\/www.von-wersabe.de\/wp-content\/uploads\/2021\/03\/start-1.jpg\" \/>\n<meta name=\"twitter:card\" content=\"summary_large_image\" \/>\n<meta name=\"twitter:label1\" content=\"Gesch\u00e4tzte Lesezeit\" \/>\n\t<meta name=\"twitter:data1\" content=\"2\u00a0Minuten\" \/>\n<script type=\"application\/ld+json\" class=\"yoast-schema-graph\">{\"@context\":\"https:\/\/schema.org\",\"@graph\":[{\"@type\":\"WebPage\",\"@id\":\"https:\/\/www.von-wersabe.de\/?page_id=130\",\"url\":\"https:\/\/www.von-wersabe.de\/?page_id=130\",\"name\":\"Unsere Hunde -\",\"isPartOf\":{\"@id\":\"https:\/\/www.von-wersabe.de\/#website\"},\"primaryImageOfPage\":{\"@id\":\"https:\/\/www.von-wersabe.de\/?page_id=130#primaryimage\"},\"image\":{\"@id\":\"https:\/\/www.von-wersabe.de\/?page_id=130#primaryimage\"},\"thumbnailUrl\":\"https:\/\/www.von-wersabe.de\/wp-content\/uploads\/2021\/03\/start-1.jpg\",\"datePublished\":\"2020-11-06T08:38:59+00:00\",\"dateModified\":\"2021-04-14T22:04:27+00:00\",\"breadcrumb\":{\"@id\":\"https:\/\/www.von-wersabe.de\/?page_id=130#breadcrumb\"},\"inLanguage\":\"de\",\"potentialAction\":[{\"@type\":\"ReadAction\",\"target\":[\"https:\/\/www.von-wersabe.de\/?page_id=130\"]}]},{\"@type\":\"ImageObject\",\"inLanguage\":\"de\",\"@id\":\"https:\/\/www.von-wersabe.de\/?page_id=130#primaryimage\",\"url\":\"https:\/\/www.von-wersabe.de\/wp-content\/uploads\/2021\/03\/start-1.jpg\",\"contentUrl\":\"https:\/\/www.von-wersabe.de\/wp-content\/uploads\/2021\/03\/start-1.jpg\",\"width\":1919,\"height\":635},{\"@type\":\"BreadcrumbList\",\"@id\":\"https:\/\/www.von-wersabe.de\/?page_id=130#breadcrumb\",\"itemListElement\":[{\"@type\":\"ListItem\",\"position\":1,\"name\":\"Startseite\",\"item\":\"https:\/\/www.von-wersabe.de\/\"},{\"@type\":\"ListItem\",\"position\":2,\"name\":\"Unsere Hunde\"}]},{\"@type\":\"WebSite\",\"@id\":\"https:\/\/www.von-wersabe.de\/#website\",\"url\":\"https:\/\/www.von-wersabe.de\/\",\"name\":\"von-wersabe.de\",\"description\":\"\",\"potentialAction\":[{\"@type\":\"SearchAction\",\"target\":{\"@type\":\"EntryPoint\",\"urlTemplate\":\"https:\/\/www.von-wersabe.de\/?s={search_term_string}\"},\"query-input\":{\"@type\":\"PropertyValueSpecification\",\"valueRequired\":true,\"valueName\":\"search_term_string\"}}],\"inLanguage\":\"de\"}]}<\/script>\n<!-- \/ Yoast SEO plugin. -->","yoast_head_json":{"title":"Unsere Hunde -","robots":{"index":"index","follow":"follow","max-snippet":"max-snippet:-1","max-image-preview":"max-image-preview:large","max-video-preview":"max-video-preview:-1"},"canonical":"https:\/\/www.von-wersabe.de\/?page_id=130","og_locale":"de_DE","og_type":"article","og_title":"Unsere Hunde -","og_description":"Zuchth\u00fcndinnen Frieda von Wersabe gew\u00f6lft am 25.07.2008 nach Zidane ut Eyther-Land und aus Anna vom Nienmarkt Jamainas Esta gew\u00f6lft am 25.01.2015 nach Scotland King\u00b4s Edgar und aus Jamainas Bajen Ondra von Wersabe gew\u00f6lft am 21.05.2015 nach Coachman\u00b4s Rebel of Bavaria und aus Frieda von Wersabe Impressum | Datenschutz","og_url":"https:\/\/www.von-wersabe.de\/?page_id=130","article_modified_time":"2021-04-14T22:04:27+00:00","og_image":[{"url":"https:\/\/www.von-wersabe.de\/wp-content\/uploads\/2021\/03\/start-1.jpg","type":"","width":"","height":""}],"twitter_card":"summary_large_image","twitter_misc":{"Gesch\u00e4tzte Lesezeit":"2\u00a0Minuten"},"schema":{"@context":"https:\/\/schema.org","@graph":[{"@type":"WebPage","@id":"https:\/\/www.von-wersabe.de\/?page_id=130","url":"https:\/\/www.von-wersabe.de\/?page_id=130","name":"Unsere Hunde -","isPartOf":{"@id":"https:\/\/www.von-wersabe.de\/#website"},"primaryImageOfPage":{"@id":"https:\/\/www.von-wersabe.de\/?page_id=130#primaryimage"},"image":{"@id":"https:\/\/www.von-wersabe.de\/?page_id=130#primaryimage"},"thumbnailUrl":"https:\/\/www.von-wersabe.de\/wp-content\/uploads\/2021\/03\/start-1.jpg","datePublished":"2020-11-06T08:38:59+00:00","dateModified":"2021-04-14T22:04:27+00:00","breadcrumb":{"@id":"https:\/\/www.von-wersabe.de\/?page_id=130#breadcrumb"},"inLanguage":"de","potentialAction":[{"@type":"ReadAction","target":["https:\/\/www.von-wersabe.de\/?page_id=130"]}]},{"@type":"ImageObject","inLanguage":"de","@id":"https:\/\/www.von-wersabe.de\/?page_id=130#primaryimage","url":"https:\/\/www.von-wersabe.de\/wp-content\/uploads\/2021\/03\/start-1.jpg","contentUrl":"https:\/\/www.von-wersabe.de\/wp-content\/uploads\/2021\/03\/start-1.jpg","width":1919,"height":635},{"@type":"BreadcrumbList","@id":"https:\/\/www.von-wersabe.de\/?page_id=130#breadcrumb","itemListElement":[{"@type":"ListItem","position":1,"name":"Startseite","item":"https:\/\/www.von-wersabe.de\/"},{"@type":"ListItem","position":2,"name":"Unsere Hunde"}]},{"@type":"WebSite","@id":"https:\/\/www.von-wersabe.de\/#website","url":"https:\/\/www.von-wersabe.de\/","name":"von-wersabe.de","description":"","potentialAction":[{"@type":"SearchAction","target":{"@type":"EntryPoint","urlTemplate":"https:\/\/www.von-wersabe.de\/?s={search_term_string}"},"query-input":{"@type":"PropertyValueSpecification","valueRequired":true,"valueName":"search_term_string"}}],"inLanguage":"de"}]}},"_links":{"self":[{"href":"https:\/\/www.von-wersabe.de\/index.php?rest_route=\/wp\/v2\/pages\/130"}],"collection":[{"href":"https:\/\/www.von-wersabe.de\/index.php?rest_route=\/wp\/v2\/pages"}],"about":[{"href":"https:\/\/www.von-wersabe.de\/index.php?rest_route=\/wp\/v2\/types\/page"}],"author":[{"embeddable":true,"href":"https:\/\/www.von-wersabe.de\/index.php?rest_route=\/wp\/v2\/users\/1"}],"replies":[{"embeddable":true,"href":"https:\/\/www.von-wersabe.de\/index.php?rest_route=%2Fwp%2Fv2%2Fcomments&post=130"}],"version-history":[{"count":8,"href":"https:\/\/www.von-wersabe.de\/index.php?rest_route=\/wp\/v2\/pages\/130\/revisions"}],"predecessor-version":[{"id":1784,"href":"https:\/\/www.von-wersabe.de\/index.php?rest_route=\/wp\/v2\/pages\/130\/revisions\/1784"}],"wp:attachment":[{"href":"https:\/\/www.von-wersabe.de\/index.php?rest_route=%2Fwp%2Fv2%2Fmedia&parent=130"}],"curies":[{"name":"wp","href":"https:\/\/api.w.org\/{rel}","templated":true}]}}