{"id":133,"date":"2020-11-06T09:39:22","date_gmt":"2020-11-06T08:39:22","guid":{"rendered":"http:\/\/www.von-wersabe.de\/wordpress\/?page_id=133"},"modified":"2024-05-22T21:17:13","modified_gmt":"2024-05-22T19:17:13","slug":"zuchthuendinnen","status":"publish","type":"page","link":"https:\/\/www.von-wersabe.de\/?page_id=133","title":{"rendered":"Zuchth\u00fcndinnen"},"content":{"rendered":"\t\t<div data-elementor-type=\"wp-page\" data-elementor-id=\"133\" class=\"elementor elementor-133\">\n\t\t\t\t\t\t<section class=\"elementor-section elementor-top-section elementor-element elementor-element-4985cd7 elementor-section-boxed elementor-section-height-default elementor-section-height-default\" data-id=\"4985cd7\" data-element_type=\"section\" data-e-type=\"section\">\n\t\t\t\t\t\t<div class=\"elementor-container elementor-column-gap-default\">\n\t\t\t\t\t<div class=\"elementor-column elementor-col-100 elementor-top-column elementor-element elementor-element-d676ac4\" data-id=\"d676ac4\" data-element_type=\"column\" data-e-type=\"column\">\n\t\t\t<div class=\"elementor-widget-wrap elementor-element-populated\">\n\t\t\t\t\t\t<div class=\"elementor-element elementor-element-8f56655 elementor-hidden-phone elementor-widget elementor-widget-image\" data-id=\"8f56655\" data-element_type=\"widget\" data-e-type=\"widget\" data-widget_type=\"image.default\">\n\t\t\t\t<div class=\"elementor-widget-container\">\n\t\t\t\t\t\t\t\t\t\t\t\t\t\t\t<img fetchpriority=\"high\" decoding=\"async\" width=\"1919\" height=\"635\" src=\"https:\/\/www.von-wersabe.de\/wp-content\/uploads\/2021\/03\/start-1.jpg\" class=\"attachment-full size-full wp-image-1121\" alt=\"\" srcset=\"https:\/\/www.von-wersabe.de\/wp-content\/uploads\/2021\/03\/start-1.jpg 1919w, https:\/\/www.von-wersabe.de\/wp-content\/uploads\/2021\/03\/start-1-300x99.jpg 300w, https:\/\/www.von-wersabe.de\/wp-content\/uploads\/2021\/03\/start-1-1024x339.jpg 1024w, https:\/\/www.von-wersabe.de\/wp-content\/uploads\/2021\/03\/start-1-768x254.jpg 768w, https:\/\/www.von-wersabe.de\/wp-content\/uploads\/2021\/03\/start-1-1536x508.jpg 1536w, https:\/\/www.von-wersabe.de\/wp-content\/uploads\/2021\/03\/start-1-1200x397.jpg 1200w\" sizes=\"(max-width: 1919px) 100vw, 1919px\" \/>\t\t\t\t\t\t\t\t\t\t\t\t\t\t\t<\/div>\n\t\t\t\t<\/div>\n\t\t\t\t\t<\/div>\n\t\t<\/div>\n\t\t\t\t\t<\/div>\n\t\t<\/section>\n\t\t\t\t<section class=\"elementor-section elementor-top-section elementor-element elementor-element-c32df32 elementor-hidden-desktop elementor-hidden-tablet elementor-section-boxed elementor-section-height-default elementor-section-height-default\" data-id=\"c32df32\" data-element_type=\"section\" data-e-type=\"section\">\n\t\t\t\t\t\t<div class=\"elementor-container elementor-column-gap-default\">\n\t\t\t\t\t<div class=\"elementor-column elementor-col-100 elementor-top-column elementor-element elementor-element-12814da\" data-id=\"12814da\" data-element_type=\"column\" data-e-type=\"column\">\n\t\t\t<div class=\"elementor-widget-wrap elementor-element-populated\">\n\t\t\t\t\t\t<div class=\"elementor-element elementor-element-dbeb177 elementor-widget elementor-widget-image\" data-id=\"dbeb177\" data-element_type=\"widget\" data-e-type=\"widget\" data-widget_type=\"image.default\">\n\t\t\t\t<div class=\"elementor-widget-container\">\n\t\t\t\t\t\t\t\t\t\t\t\t\t\t\t<img decoding=\"async\" width=\"580\" height=\"747\" src=\"https:\/\/www.von-wersabe.de\/wp-content\/uploads\/2021\/03\/start_mobil-795x1024.jpg\" class=\"attachment-large size-large wp-image-1120\" alt=\"\" srcset=\"https:\/\/www.von-wersabe.de\/wp-content\/uploads\/2021\/03\/start_mobil-795x1024.jpg 795w, https:\/\/www.von-wersabe.de\/wp-content\/uploads\/2021\/03\/start_mobil-233x300.jpg 233w, https:\/\/www.von-wersabe.de\/wp-content\/uploads\/2021\/03\/start_mobil-768x989.jpg 768w, https:\/\/www.von-wersabe.de\/wp-content\/uploads\/2021\/03\/start_mobil.jpg 986w\" sizes=\"(max-width: 580px) 100vw, 580px\" \/>\t\t\t\t\t\t\t\t\t\t\t\t\t\t\t<\/div>\n\t\t\t\t<\/div>\n\t\t\t\t\t<\/div>\n\t\t<\/div>\n\t\t\t\t\t<\/div>\n\t\t<\/section>\n\t\t\t\t<section class=\"elementor-section elementor-top-section elementor-element elementor-element-76985c8 elementor-section-boxed elementor-section-height-default elementor-section-height-default\" data-id=\"76985c8\" data-element_type=\"section\" data-e-type=\"section\">\n\t\t\t\t\t\t<div class=\"elementor-container elementor-column-gap-default\">\n\t\t\t\t\t<div class=\"elementor-column elementor-col-100 elementor-top-column elementor-element elementor-element-60bb6e8\" data-id=\"60bb6e8\" data-element_type=\"column\" data-e-type=\"column\">\n\t\t\t<div class=\"elementor-widget-wrap elementor-element-populated\">\n\t\t\t\t\t\t<div class=\"elementor-element elementor-element-9e7030e elementor-widget elementor-widget-heading\" data-id=\"9e7030e\" data-element_type=\"widget\" data-e-type=\"widget\" data-widget_type=\"heading.default\">\n\t\t\t\t<div class=\"elementor-widget-container\">\n\t\t\t\t\t<h1 class=\"elementor-heading-title elementor-size-default\">Zuchth\u00fcndinnen<\/h1>\t\t\t\t<\/div>\n\t\t\t\t<\/div>\n\t\t\t\t\t<\/div>\n\t\t<\/div>\n\t\t\t\t\t<\/div>\n\t\t<\/section>\n\t\t\t\t<section class=\"elementor-section elementor-top-section elementor-element elementor-element-6354704 elementor-section-boxed elementor-section-height-default elementor-section-height-default\" data-id=\"6354704\" data-element_type=\"section\" data-e-type=\"section\">\n\t\t\t\t\t\t<div class=\"elementor-container elementor-column-gap-default\">\n\t\t\t\t\t<div class=\"elementor-column elementor-col-50 elementor-top-column elementor-element elementor-element-d220490\" data-id=\"d220490\" data-element_type=\"column\" data-e-type=\"column\">\n\t\t\t<div class=\"elementor-widget-wrap elementor-element-populated\">\n\t\t\t\t\t\t<div class=\"elementor-element elementor-element-77c3da6 elementor-widget elementor-widget-image\" data-id=\"77c3da6\" data-element_type=\"widget\" data-e-type=\"widget\" data-widget_type=\"image.default\">\n\t\t\t\t<div class=\"elementor-widget-container\">\n\t\t\t\t\t\t\t\t\t\t\t\t<figure class=\"wp-caption\">\n\t\t\t\t\t\t\t\t\t\t<img decoding=\"async\" width=\"580\" height=\"810\" src=\"https:\/\/www.von-wersabe.de\/wp-content\/uploads\/2024\/05\/image18-e1716403888344-733x1024.jpeg\" class=\"attachment-large size-large wp-image-2660\" alt=\"\" srcset=\"https:\/\/www.von-wersabe.de\/wp-content\/uploads\/2024\/05\/image18-e1716403888344-733x1024.jpeg 733w, https:\/\/www.von-wersabe.de\/wp-content\/uploads\/2024\/05\/image18-e1716403888344-215x300.jpeg 215w, https:\/\/www.von-wersabe.de\/wp-content\/uploads\/2024\/05\/image18-e1716403888344-768x1073.jpeg 768w, https:\/\/www.von-wersabe.de\/wp-content\/uploads\/2024\/05\/image18-e1716403888344.jpeg 916w\" sizes=\"(max-width: 580px) 100vw, 580px\" \/>\t\t\t\t\t\t\t\t\t\t\t<figcaption class=\"widget-image-caption wp-caption-text\"><\/figcaption>\n\t\t\t\t\t\t\t\t\t\t<\/figure>\n\t\t\t\t\t\t\t\t\t<\/div>\n\t\t\t\t<\/div>\n\t\t\t\t<div class=\"elementor-element elementor-element-7fe4b30 elementor-widget elementor-widget-icon-box\" data-id=\"7fe4b30\" data-element_type=\"widget\" data-e-type=\"widget\" data-widget_type=\"icon-box.default\">\n\t\t\t\t<div class=\"elementor-widget-container\">\n\t\t\t\t\t\t\t<div class=\"elementor-icon-box-wrapper\">\n\n\t\t\t\n\t\t\t\t\t\t<div class=\"elementor-icon-box-content\">\n\n\t\t\t\t\t\t\t\t\t<h3 class=\"elementor-icon-box-title\">\n\t\t\t\t\t\t<span  >\n\t\t\t\t\t\t\tVita von Wersabe\t\t\t\t\t\t<\/span>\n\t\t\t\t\t<\/h3>\n\t\t\t\t\n\t\t\t\t\t\t\t\t\t<p class=\"elementor-icon-box-description\">\n\t\t\t\t\t\tgew\u00f6lft am 24.03.2022 nach Jamainas Esta und Heggis Magic of Elegance\t\t\t\t\t<\/p>\n\t\t\t\t\n\t\t\t<\/div>\n\t\t\t\n\t\t<\/div>\n\t\t\t\t\t\t<\/div>\n\t\t\t\t<\/div>\n\t\t\t\t\t<\/div>\n\t\t<\/div>\n\t\t\t\t<div class=\"elementor-column elementor-col-50 elementor-top-column elementor-element elementor-element-ce8097c\" data-id=\"ce8097c\" data-element_type=\"column\" data-e-type=\"column\">\n\t\t\t<div class=\"elementor-widget-wrap elementor-element-populated\">\n\t\t\t\t\t\t<div class=\"elementor-element elementor-element-471472c elementor-widget elementor-widget-image\" data-id=\"471472c\" data-element_type=\"widget\" data-e-type=\"widget\" data-widget_type=\"image.default\">\n\t\t\t\t<div class=\"elementor-widget-container\">\n\t\t\t\t\t\t\t\t\t\t\t\t\t\t\t<img loading=\"lazy\" decoding=\"async\" width=\"580\" height=\"773\" src=\"https:\/\/www.von-wersabe.de\/wp-content\/uploads\/2024\/05\/WhatsApp-Image-2024-05-22-at-21.07.07-768x1024.jpeg\" class=\"attachment-large size-large wp-image-2666\" alt=\"\" srcset=\"https:\/\/www.von-wersabe.de\/wp-content\/uploads\/2024\/05\/WhatsApp-Image-2024-05-22-at-21.07.07-768x1024.jpeg 768w, https:\/\/www.von-wersabe.de\/wp-content\/uploads\/2024\/05\/WhatsApp-Image-2024-05-22-at-21.07.07-225x300.jpeg 225w, https:\/\/www.von-wersabe.de\/wp-content\/uploads\/2024\/05\/WhatsApp-Image-2024-05-22-at-21.07.07-1152x1536.jpeg 1152w, https:\/\/www.von-wersabe.de\/wp-content\/uploads\/2024\/05\/WhatsApp-Image-2024-05-22-at-21.07.07.jpeg 1200w\" sizes=\"(max-width: 580px) 100vw, 580px\" \/>\t\t\t\t\t\t\t\t\t\t\t\t\t\t\t<\/div>\n\t\t\t\t<\/div>\n\t\t\t\t<div class=\"elementor-element elementor-element-31252d7 elementor-widget elementor-widget-icon-box\" data-id=\"31252d7\" data-element_type=\"widget\" data-e-type=\"widget\" data-widget_type=\"icon-box.default\">\n\t\t\t\t<div class=\"elementor-widget-container\">\n\t\t\t\t\t\t\t<div class=\"elementor-icon-box-wrapper\">\n\n\t\t\t\n\t\t\t\t\t\t<div class=\"elementor-icon-box-content\">\n\n\t\t\t\t\t\t\t\t\t<h3 class=\"elementor-icon-box-title\">\n\t\t\t\t\t\t<span  >\n\t\t\t\t\t\t\t<br>Undine von Wersabe\t\t\t\t\t\t<\/span>\n\t\t\t\t\t<\/h3>\n\t\t\t\t\n\t\t\t\t\t\t\t\t\t<p class=\"elementor-icon-box-description\">\n\t\t\t\t\t\tgew\u00f6lft am 04.09.2021 nach Ondra von Wersabe und Aljoscha v. den Huntewiesen\t\t\t\t\t<\/p>\n\t\t\t\t\n\t\t\t<\/div>\n\t\t\t\n\t\t<\/div>\n\t\t\t\t\t\t<\/div>\n\t\t\t\t<\/div>\n\t\t\t\t\t<\/div>\n\t\t<\/div>\n\t\t\t\t\t<\/div>\n\t\t<\/section>\n\t\t\t\t<section class=\"elementor-section elementor-top-section elementor-element elementor-element-8a54f7a elementor-section-boxed elementor-section-height-default elementor-section-height-default\" data-id=\"8a54f7a\" data-element_type=\"section\" data-e-type=\"section\">\n\t\t\t\t\t\t<div class=\"elementor-container elementor-column-gap-default\">\n\t\t\t\t\t<div class=\"elementor-column elementor-col-100 elementor-top-column elementor-element elementor-element-4fb0eeb\" data-id=\"4fb0eeb\" data-element_type=\"column\" data-e-type=\"column\">\n\t\t\t<div class=\"elementor-widget-wrap elementor-element-populated\">\n\t\t\t\t\t\t<div class=\"elementor-element elementor-element-8d17683 elementor-widget elementor-widget-text-editor\" data-id=\"8d17683\" data-element_type=\"widget\" data-e-type=\"widget\" data-widget_type=\"text-editor.default\">\n\t\t\t\t<div class=\"elementor-widget-container\">\n\t\t\t\t\t\t\t\t\t<p class=\"link\"><a href=\"https:\/\/www.von-wersabe.de\/impressum\/\">Impressum<\/a> | <a href=\"https:\/\/www.von-wersabe.de\/datenschutz\">Datenschutz<\/a><\/p>\t\t\t\t\t\t\t\t<\/div>\n\t\t\t\t<\/div>\n\t\t\t\t\t<\/div>\n\t\t<\/div>\n\t\t\t\t\t<\/div>\n\t\t<\/section>\n\t\t\t\t<\/div>\n\t\t","protected":false},"excerpt":{"rendered":"<p>Zuchth\u00fcndinnen Vita von Wersabe gew\u00f6lft am 24.03.2022 nach Jamainas Esta und Heggis Magic of Elegance Undine von Wersabe gew\u00f6lft am 04.09.2021 nach Ondra von Wersabe und Aljoscha v. den Huntewiesen Impressum | Datenschutz<\/p>\n","protected":false},"author":1,"featured_media":0,"parent":0,"menu_order":0,"comment_status":"closed","ping_status":"closed","template":"elementor_canvas","meta":{"footnotes":""},"class_list":["post-133","page","type-page","status-publish","hentry"],"yoast_head":"<!-- This site is optimized with the Yoast SEO plugin v25.6 - https:\/\/yoast.com\/wordpress\/plugins\/seo\/ -->\n<title>Zuchth\u00fcndinnen -<\/title>\n<meta name=\"robots\" content=\"index, follow, max-snippet:-1, max-image-preview:large, max-video-preview:-1\" \/>\n<link rel=\"canonical\" href=\"https:\/\/www.von-wersabe.de\/?page_id=133\" \/>\n<meta property=\"og:locale\" content=\"de_DE\" \/>\n<meta property=\"og:type\" content=\"article\" \/>\n<meta property=\"og:title\" content=\"Zuchth\u00fcndinnen -\" \/>\n<meta property=\"og:description\" content=\"Zuchth\u00fcndinnen Vita von Wersabe gew\u00f6lft am 24.03.2022 nach Jamainas Esta und Heggis Magic of Elegance Undine von Wersabe gew\u00f6lft am 04.09.2021 nach Ondra von Wersabe und Aljoscha v. den Huntewiesen Impressum | Datenschutz\" \/>\n<meta property=\"og:url\" content=\"https:\/\/www.von-wersabe.de\/?page_id=133\" \/>\n<meta property=\"article:modified_time\" content=\"2024-05-22T19:17:13+00:00\" \/>\n<meta property=\"og:image\" content=\"https:\/\/www.von-wersabe.de\/wp-content\/uploads\/2021\/03\/start-1.jpg\" \/>\n<meta name=\"twitter:card\" content=\"summary_large_image\" \/>\n<meta name=\"twitter:label1\" content=\"Gesch\u00e4tzte Lesezeit\" \/>\n\t<meta name=\"twitter:data1\" content=\"1\u00a0Minute\" \/>\n<script type=\"application\/ld+json\" class=\"yoast-schema-graph\">{\"@context\":\"https:\/\/schema.org\",\"@graph\":[{\"@type\":\"WebPage\",\"@id\":\"https:\/\/www.von-wersabe.de\/?page_id=133\",\"url\":\"https:\/\/www.von-wersabe.de\/?page_id=133\",\"name\":\"Zuchth\u00fcndinnen -\",\"isPartOf\":{\"@id\":\"https:\/\/www.von-wersabe.de\/#website\"},\"primaryImageOfPage\":{\"@id\":\"https:\/\/www.von-wersabe.de\/?page_id=133#primaryimage\"},\"image\":{\"@id\":\"https:\/\/www.von-wersabe.de\/?page_id=133#primaryimage\"},\"thumbnailUrl\":\"https:\/\/www.von-wersabe.de\/wp-content\/uploads\/2021\/03\/start-1.jpg\",\"datePublished\":\"2020-11-06T08:39:22+00:00\",\"dateModified\":\"2024-05-22T19:17:13+00:00\",\"breadcrumb\":{\"@id\":\"https:\/\/www.von-wersabe.de\/?page_id=133#breadcrumb\"},\"inLanguage\":\"de\",\"potentialAction\":[{\"@type\":\"ReadAction\",\"target\":[\"https:\/\/www.von-wersabe.de\/?page_id=133\"]}]},{\"@type\":\"ImageObject\",\"inLanguage\":\"de\",\"@id\":\"https:\/\/www.von-wersabe.de\/?page_id=133#primaryimage\",\"url\":\"https:\/\/www.von-wersabe.de\/wp-content\/uploads\/2021\/03\/start-1.jpg\",\"contentUrl\":\"https:\/\/www.von-wersabe.de\/wp-content\/uploads\/2021\/03\/start-1.jpg\",\"width\":1919,\"height\":635},{\"@type\":\"BreadcrumbList\",\"@id\":\"https:\/\/www.von-wersabe.de\/?page_id=133#breadcrumb\",\"itemListElement\":[{\"@type\":\"ListItem\",\"position\":1,\"name\":\"Startseite\",\"item\":\"https:\/\/www.von-wersabe.de\/\"},{\"@type\":\"ListItem\",\"position\":2,\"name\":\"Zuchth\u00fcndinnen\"}]},{\"@type\":\"WebSite\",\"@id\":\"https:\/\/www.von-wersabe.de\/#website\",\"url\":\"https:\/\/www.von-wersabe.de\/\",\"name\":\"von-wersabe.de\",\"description\":\"\",\"potentialAction\":[{\"@type\":\"SearchAction\",\"target\":{\"@type\":\"EntryPoint\",\"urlTemplate\":\"https:\/\/www.von-wersabe.de\/?s={search_term_string}\"},\"query-input\":{\"@type\":\"PropertyValueSpecification\",\"valueRequired\":true,\"valueName\":\"search_term_string\"}}],\"inLanguage\":\"de\"}]}<\/script>\n<!-- \/ Yoast SEO plugin. -->","yoast_head_json":{"title":"Zuchth\u00fcndinnen -","robots":{"index":"index","follow":"follow","max-snippet":"max-snippet:-1","max-image-preview":"max-image-preview:large","max-video-preview":"max-video-preview:-1"},"canonical":"https:\/\/www.von-wersabe.de\/?page_id=133","og_locale":"de_DE","og_type":"article","og_title":"Zuchth\u00fcndinnen -","og_description":"Zuchth\u00fcndinnen Vita von Wersabe gew\u00f6lft am 24.03.2022 nach Jamainas Esta und Heggis Magic of Elegance Undine von Wersabe gew\u00f6lft am 04.09.2021 nach Ondra von Wersabe und Aljoscha v. den Huntewiesen Impressum | Datenschutz","og_url":"https:\/\/www.von-wersabe.de\/?page_id=133","article_modified_time":"2024-05-22T19:17:13+00:00","og_image":[{"url":"https:\/\/www.von-wersabe.de\/wp-content\/uploads\/2021\/03\/start-1.jpg","type":"","width":"","height":""}],"twitter_card":"summary_large_image","twitter_misc":{"Gesch\u00e4tzte Lesezeit":"1\u00a0Minute"},"schema":{"@context":"https:\/\/schema.org","@graph":[{"@type":"WebPage","@id":"https:\/\/www.von-wersabe.de\/?page_id=133","url":"https:\/\/www.von-wersabe.de\/?page_id=133","name":"Zuchth\u00fcndinnen -","isPartOf":{"@id":"https:\/\/www.von-wersabe.de\/#website"},"primaryImageOfPage":{"@id":"https:\/\/www.von-wersabe.de\/?page_id=133#primaryimage"},"image":{"@id":"https:\/\/www.von-wersabe.de\/?page_id=133#primaryimage"},"thumbnailUrl":"https:\/\/www.von-wersabe.de\/wp-content\/uploads\/2021\/03\/start-1.jpg","datePublished":"2020-11-06T08:39:22+00:00","dateModified":"2024-05-22T19:17:13+00:00","breadcrumb":{"@id":"https:\/\/www.von-wersabe.de\/?page_id=133#breadcrumb"},"inLanguage":"de","potentialAction":[{"@type":"ReadAction","target":["https:\/\/www.von-wersabe.de\/?page_id=133"]}]},{"@type":"ImageObject","inLanguage":"de","@id":"https:\/\/www.von-wersabe.de\/?page_id=133#primaryimage","url":"https:\/\/www.von-wersabe.de\/wp-content\/uploads\/2021\/03\/start-1.jpg","contentUrl":"https:\/\/www.von-wersabe.de\/wp-content\/uploads\/2021\/03\/start-1.jpg","width":1919,"height":635},{"@type":"BreadcrumbList","@id":"https:\/\/www.von-wersabe.de\/?page_id=133#breadcrumb","itemListElement":[{"@type":"ListItem","position":1,"name":"Startseite","item":"https:\/\/www.von-wersabe.de\/"},{"@type":"ListItem","position":2,"name":"Zuchth\u00fcndinnen"}]},{"@type":"WebSite","@id":"https:\/\/www.von-wersabe.de\/#website","url":"https:\/\/www.von-wersabe.de\/","name":"von-wersabe.de","description":"","potentialAction":[{"@type":"SearchAction","target":{"@type":"EntryPoint","urlTemplate":"https:\/\/www.von-wersabe.de\/?s={search_term_string}"},"query-input":{"@type":"PropertyValueSpecification","valueRequired":true,"valueName":"search_term_string"}}],"inLanguage":"de"}]}},"_links":{"self":[{"href":"https:\/\/www.von-wersabe.de\/index.php?rest_route=\/wp\/v2\/pages\/133"}],"collection":[{"href":"https:\/\/www.von-wersabe.de\/index.php?rest_route=\/wp\/v2\/pages"}],"about":[{"href":"https:\/\/www.von-wersabe.de\/index.php?rest_route=\/wp\/v2\/types\/page"}],"author":[{"embeddable":true,"href":"https:\/\/www.von-wersabe.de\/index.php?rest_route=\/wp\/v2\/users\/1"}],"replies":[{"embeddable":true,"href":"https:\/\/www.von-wersabe.de\/index.php?rest_route=%2Fwp%2Fv2%2Fcomments&post=133"}],"version-history":[{"count":47,"href":"https:\/\/www.von-wersabe.de\/index.php?rest_route=\/wp\/v2\/pages\/133\/revisions"}],"predecessor-version":[{"id":2671,"href":"https:\/\/www.von-wersabe.de\/index.php?rest_route=\/wp\/v2\/pages\/133\/revisions\/2671"}],"wp:attachment":[{"href":"https:\/\/www.von-wersabe.de\/index.php?rest_route=%2Fwp%2Fv2%2Fmedia&parent=133"}],"curies":[{"name":"wp","href":"https:\/\/api.w.org\/{rel}","templated":true}]}}