{"id":305,"date":"2020-11-24T21:25:40","date_gmt":"2020-11-24T20:25:40","guid":{"rendered":"http:\/\/www.von-wersabe.de\/wordpress\/?page_id=305"},"modified":"2026-04-12T14:36:49","modified_gmt":"2026-04-12T12:36:49","slug":"wurfplanung-2","status":"publish","type":"page","link":"https:\/\/www.von-wersabe.de\/?page_id=305","title":{"rendered":"Wurfplanung"},"content":{"rendered":"\t\t<div data-elementor-type=\"wp-page\" data-elementor-id=\"305\" class=\"elementor elementor-305\">\n\t\t\t\t\t\t<section class=\"elementor-section elementor-top-section elementor-element elementor-element-a788a61 elementor-section-boxed elementor-section-height-default elementor-section-height-default\" data-id=\"a788a61\" data-element_type=\"section\" data-e-type=\"section\">\n\t\t\t\t\t\t<div class=\"elementor-container elementor-column-gap-default\">\n\t\t\t\t\t<div class=\"elementor-column elementor-col-100 elementor-top-column elementor-element elementor-element-0fa74bc\" data-id=\"0fa74bc\" data-element_type=\"column\" data-e-type=\"column\">\n\t\t\t<div class=\"elementor-widget-wrap elementor-element-populated\">\n\t\t\t\t\t\t<div class=\"elementor-element elementor-element-88c7613 elementor-hidden-phone elementor-widget elementor-widget-image\" data-id=\"88c7613\" data-element_type=\"widget\" data-e-type=\"widget\" data-widget_type=\"image.default\">\n\t\t\t\t<div class=\"elementor-widget-container\">\n\t\t\t\t\t\t\t\t\t\t\t\t\t\t\t<img fetchpriority=\"high\" decoding=\"async\" width=\"1919\" height=\"635\" src=\"https:\/\/www.von-wersabe.de\/wp-content\/uploads\/2021\/03\/start-1.jpg\" class=\"attachment-full size-full wp-image-1121\" alt=\"\" srcset=\"https:\/\/www.von-wersabe.de\/wp-content\/uploads\/2021\/03\/start-1.jpg 1919w, https:\/\/www.von-wersabe.de\/wp-content\/uploads\/2021\/03\/start-1-300x99.jpg 300w, https:\/\/www.von-wersabe.de\/wp-content\/uploads\/2021\/03\/start-1-1024x339.jpg 1024w, https:\/\/www.von-wersabe.de\/wp-content\/uploads\/2021\/03\/start-1-768x254.jpg 768w, https:\/\/www.von-wersabe.de\/wp-content\/uploads\/2021\/03\/start-1-1536x508.jpg 1536w, https:\/\/www.von-wersabe.de\/wp-content\/uploads\/2021\/03\/start-1-1200x397.jpg 1200w\" sizes=\"(max-width: 1919px) 100vw, 1919px\" \/>\t\t\t\t\t\t\t\t\t\t\t\t\t\t\t<\/div>\n\t\t\t\t<\/div>\n\t\t\t\t\t<\/div>\n\t\t<\/div>\n\t\t\t\t\t<\/div>\n\t\t<\/section>\n\t\t\t\t<section class=\"elementor-section elementor-top-section elementor-element elementor-element-4215ff3 elementor-hidden-desktop elementor-hidden-tablet elementor-section-boxed elementor-section-height-default elementor-section-height-default\" data-id=\"4215ff3\" data-element_type=\"section\" data-e-type=\"section\">\n\t\t\t\t\t\t<div class=\"elementor-container elementor-column-gap-default\">\n\t\t\t\t\t<div class=\"elementor-column elementor-col-100 elementor-top-column elementor-element elementor-element-f4aedf1\" data-id=\"f4aedf1\" data-element_type=\"column\" data-e-type=\"column\">\n\t\t\t<div class=\"elementor-widget-wrap elementor-element-populated\">\n\t\t\t\t\t\t<div class=\"elementor-element elementor-element-3e8d616 elementor-widget elementor-widget-image\" data-id=\"3e8d616\" data-element_type=\"widget\" data-e-type=\"widget\" data-widget_type=\"image.default\">\n\t\t\t\t<div class=\"elementor-widget-container\">\n\t\t\t\t\t\t\t\t\t\t\t\t\t\t\t<img decoding=\"async\" width=\"580\" height=\"747\" src=\"https:\/\/www.von-wersabe.de\/wp-content\/uploads\/2021\/03\/start_mobil-795x1024.jpg\" class=\"attachment-large size-large wp-image-1120\" alt=\"\" srcset=\"https:\/\/www.von-wersabe.de\/wp-content\/uploads\/2021\/03\/start_mobil-795x1024.jpg 795w, https:\/\/www.von-wersabe.de\/wp-content\/uploads\/2021\/03\/start_mobil-233x300.jpg 233w, https:\/\/www.von-wersabe.de\/wp-content\/uploads\/2021\/03\/start_mobil-768x989.jpg 768w, https:\/\/www.von-wersabe.de\/wp-content\/uploads\/2021\/03\/start_mobil.jpg 986w\" sizes=\"(max-width: 580px) 100vw, 580px\" \/>\t\t\t\t\t\t\t\t\t\t\t\t\t\t\t<\/div>\n\t\t\t\t<\/div>\n\t\t\t\t\t<\/div>\n\t\t<\/div>\n\t\t\t\t\t<\/div>\n\t\t<\/section>\n\t\t\t\t<section class=\"elementor-section elementor-top-section elementor-element elementor-element-2a654a13 elementor-section-boxed elementor-section-height-default elementor-section-height-default\" data-id=\"2a654a13\" data-element_type=\"section\" data-e-type=\"section\" data-settings=\"{&quot;background_background&quot;:&quot;classic&quot;}\">\n\t\t\t\t\t\t<div class=\"elementor-container elementor-column-gap-default\">\n\t\t\t\t\t<div class=\"elementor-column elementor-col-100 elementor-top-column elementor-element elementor-element-14b8b254\" data-id=\"14b8b254\" data-element_type=\"column\" data-e-type=\"column\">\n\t\t\t<div class=\"elementor-widget-wrap\">\n\t\t\t\t\t\t\t<\/div>\n\t\t<\/div>\n\t\t\t\t\t<\/div>\n\t\t<\/section>\n\t\t\t\t<section class=\"elementor-section elementor-top-section elementor-element elementor-element-93c3601 elementor-section-boxed elementor-section-height-default elementor-section-height-default\" data-id=\"93c3601\" data-element_type=\"section\" data-e-type=\"section\">\n\t\t\t\t\t\t<div class=\"elementor-container elementor-column-gap-default\">\n\t\t\t\t\t<div class=\"elementor-column elementor-col-100 elementor-top-column elementor-element elementor-element-5f75e5a\" data-id=\"5f75e5a\" data-element_type=\"column\" data-e-type=\"column\">\n\t\t\t<div class=\"elementor-widget-wrap elementor-element-populated\">\n\t\t\t\t\t\t<div class=\"elementor-element elementor-element-c358991 elementor-widget elementor-widget-heading\" data-id=\"c358991\" data-element_type=\"widget\" data-e-type=\"widget\" data-widget_type=\"heading.default\">\n\t\t\t\t<div class=\"elementor-widget-container\">\n\t\t\t\t\t<h2 class=\"elementor-heading-title elementor-size-default\">Wurfplanung<\/h2>\t\t\t\t<\/div>\n\t\t\t\t<\/div>\n\t\t\t\t\t<\/div>\n\t\t<\/div>\n\t\t\t\t\t<\/div>\n\t\t<\/section>\n\t\t\t\t<section class=\"elementor-section elementor-top-section elementor-element elementor-element-5e87f0f elementor-section-boxed elementor-section-height-default elementor-section-height-default\" data-id=\"5e87f0f\" data-element_type=\"section\" data-e-type=\"section\">\n\t\t\t\t\t\t<div class=\"elementor-container elementor-column-gap-default\">\n\t\t\t\t\t<div class=\"elementor-column elementor-col-100 elementor-top-column elementor-element elementor-element-72026c4\" data-id=\"72026c4\" data-element_type=\"column\" data-e-type=\"column\">\n\t\t\t<div class=\"elementor-widget-wrap elementor-element-populated\">\n\t\t\t\t\t\t<div class=\"elementor-element elementor-element-4b396a4 elementor-widget elementor-widget-text-editor\" data-id=\"4b396a4\" data-element_type=\"widget\" data-e-type=\"widget\" data-widget_type=\"text-editor.default\">\n\t\t\t\t<div class=\"elementor-widget-container\">\n\t\t\t\t\t\t\t\t\t<p>Wir planen f\u00fcr den Herbst 2026 unseren Y-Wurf zwischen Undine von Wersabe und Stirling`s Hunting Fairmont.<\/p><p>N\u00e4here Infos folgen in K\u00fcrze.<\/p>\t\t\t\t\t\t\t\t<\/div>\n\t\t\t\t<\/div>\n\t\t\t\t\t<\/div>\n\t\t<\/div>\n\t\t\t\t\t<\/div>\n\t\t<\/section>\n\t\t\t\t<section class=\"elementor-section elementor-top-section elementor-element elementor-element-b973ce0 elementor-section-boxed elementor-section-height-default elementor-section-height-default\" data-id=\"b973ce0\" data-element_type=\"section\" data-e-type=\"section\">\n\t\t\t\t\t\t<div class=\"elementor-container elementor-column-gap-default\">\n\t\t\t\t\t<div class=\"elementor-column elementor-col-100 elementor-top-column elementor-element elementor-element-e091379\" data-id=\"e091379\" data-element_type=\"column\" data-e-type=\"column\">\n\t\t\t<div class=\"elementor-widget-wrap elementor-element-populated\">\n\t\t\t\t\t\t<div class=\"elementor-element elementor-element-e26d389 elementor-widget elementor-widget-text-editor\" data-id=\"e26d389\" data-element_type=\"widget\" data-e-type=\"widget\" data-widget_type=\"text-editor.default\">\n\t\t\t\t<div class=\"elementor-widget-container\">\n\t\t\t\t\t\t\t\t\t<p class=\"link\"><a href=\"https:\/\/www.von-wersabe.de\/impressum\/\">Impressum<\/a> | <a href=\"https:\/\/www.von-wersabe.de\/datenschutz\">Datenschutz<\/a><\/p>\t\t\t\t\t\t\t\t<\/div>\n\t\t\t\t<\/div>\n\t\t\t\t\t<\/div>\n\t\t<\/div>\n\t\t\t\t\t<\/div>\n\t\t<\/section>\n\t\t\t\t<\/div>\n\t\t","protected":false},"excerpt":{"rendered":"<p>Wurfplanung Wir planen f\u00fcr den Herbst 2026 unseren Y-Wurf zwischen Undine von Wersabe und Stirling`s Hunting Fairmont. N\u00e4here Infos folgen in K\u00fcrze. Impressum | Datenschutz<\/p>\n","protected":false},"author":1,"featured_media":0,"parent":0,"menu_order":0,"comment_status":"closed","ping_status":"closed","template":"elementor_canvas","meta":{"footnotes":""},"class_list":["post-305","page","type-page","status-publish","hentry"],"yoast_head":"<!-- This site is optimized with the Yoast SEO plugin v25.6 - https:\/\/yoast.com\/wordpress\/plugins\/seo\/ -->\n<title>Wurfplanung -<\/title>\n<meta name=\"robots\" content=\"index, follow, max-snippet:-1, max-image-preview:large, max-video-preview:-1\" \/>\n<link rel=\"canonical\" href=\"https:\/\/www.von-wersabe.de\/?page_id=305\" \/>\n<meta property=\"og:locale\" content=\"de_DE\" \/>\n<meta property=\"og:type\" content=\"article\" \/>\n<meta property=\"og:title\" content=\"Wurfplanung -\" \/>\n<meta property=\"og:description\" content=\"Wurfplanung Wir planen f\u00fcr den Herbst 2026 unseren Y-Wurf zwischen Undine von Wersabe und Stirling`s Hunting Fairmont. N\u00e4here Infos folgen in K\u00fcrze. Impressum | Datenschutz\" \/>\n<meta property=\"og:url\" content=\"https:\/\/www.von-wersabe.de\/?page_id=305\" \/>\n<meta property=\"article:modified_time\" content=\"2026-04-12T12:36:49+00:00\" \/>\n<meta property=\"og:image\" content=\"https:\/\/www.von-wersabe.de\/wp-content\/uploads\/2021\/03\/start-1.jpg\" \/>\n\t<meta property=\"og:image:width\" content=\"1919\" \/>\n\t<meta property=\"og:image:height\" content=\"635\" \/>\n\t<meta property=\"og:image:type\" content=\"image\/jpeg\" \/>\n<meta name=\"twitter:card\" content=\"summary_large_image\" \/>\n<meta name=\"twitter:label1\" content=\"Gesch\u00e4tzte Lesezeit\" \/>\n\t<meta name=\"twitter:data1\" content=\"1\u00a0Minute\" \/>\n<script type=\"application\/ld+json\" class=\"yoast-schema-graph\">{\"@context\":\"https:\/\/schema.org\",\"@graph\":[{\"@type\":\"WebPage\",\"@id\":\"https:\/\/www.von-wersabe.de\/?page_id=305\",\"url\":\"https:\/\/www.von-wersabe.de\/?page_id=305\",\"name\":\"Wurfplanung -\",\"isPartOf\":{\"@id\":\"https:\/\/www.von-wersabe.de\/#website\"},\"primaryImageOfPage\":{\"@id\":\"https:\/\/www.von-wersabe.de\/?page_id=305#primaryimage\"},\"image\":{\"@id\":\"https:\/\/www.von-wersabe.de\/?page_id=305#primaryimage\"},\"thumbnailUrl\":\"https:\/\/www.von-wersabe.de\/wp-content\/uploads\/2021\/03\/start-1.jpg\",\"datePublished\":\"2020-11-24T20:25:40+00:00\",\"dateModified\":\"2026-04-12T12:36:49+00:00\",\"breadcrumb\":{\"@id\":\"https:\/\/www.von-wersabe.de\/?page_id=305#breadcrumb\"},\"inLanguage\":\"de\",\"potentialAction\":[{\"@type\":\"ReadAction\",\"target\":[\"https:\/\/www.von-wersabe.de\/?page_id=305\"]}]},{\"@type\":\"ImageObject\",\"inLanguage\":\"de\",\"@id\":\"https:\/\/www.von-wersabe.de\/?page_id=305#primaryimage\",\"url\":\"https:\/\/www.von-wersabe.de\/wp-content\/uploads\/2021\/03\/start-1.jpg\",\"contentUrl\":\"https:\/\/www.von-wersabe.de\/wp-content\/uploads\/2021\/03\/start-1.jpg\",\"width\":1919,\"height\":635},{\"@type\":\"BreadcrumbList\",\"@id\":\"https:\/\/www.von-wersabe.de\/?page_id=305#breadcrumb\",\"itemListElement\":[{\"@type\":\"ListItem\",\"position\":1,\"name\":\"Startseite\",\"item\":\"https:\/\/www.von-wersabe.de\/\"},{\"@type\":\"ListItem\",\"position\":2,\"name\":\"Wurfplanung\"}]},{\"@type\":\"WebSite\",\"@id\":\"https:\/\/www.von-wersabe.de\/#website\",\"url\":\"https:\/\/www.von-wersabe.de\/\",\"name\":\"von-wersabe.de\",\"description\":\"\",\"potentialAction\":[{\"@type\":\"SearchAction\",\"target\":{\"@type\":\"EntryPoint\",\"urlTemplate\":\"https:\/\/www.von-wersabe.de\/?s={search_term_string}\"},\"query-input\":{\"@type\":\"PropertyValueSpecification\",\"valueRequired\":true,\"valueName\":\"search_term_string\"}}],\"inLanguage\":\"de\"}]}<\/script>\n<!-- \/ Yoast SEO plugin. -->","yoast_head_json":{"title":"Wurfplanung -","robots":{"index":"index","follow":"follow","max-snippet":"max-snippet:-1","max-image-preview":"max-image-preview:large","max-video-preview":"max-video-preview:-1"},"canonical":"https:\/\/www.von-wersabe.de\/?page_id=305","og_locale":"de_DE","og_type":"article","og_title":"Wurfplanung -","og_description":"Wurfplanung Wir planen f\u00fcr den Herbst 2026 unseren Y-Wurf zwischen Undine von Wersabe und Stirling`s Hunting Fairmont. N\u00e4here Infos folgen in K\u00fcrze. Impressum | Datenschutz","og_url":"https:\/\/www.von-wersabe.de\/?page_id=305","article_modified_time":"2026-04-12T12:36:49+00:00","og_image":[{"width":1919,"height":635,"url":"https:\/\/www.von-wersabe.de\/wp-content\/uploads\/2021\/03\/start-1.jpg","type":"image\/jpeg"}],"twitter_card":"summary_large_image","twitter_misc":{"Gesch\u00e4tzte Lesezeit":"1\u00a0Minute"},"schema":{"@context":"https:\/\/schema.org","@graph":[{"@type":"WebPage","@id":"https:\/\/www.von-wersabe.de\/?page_id=305","url":"https:\/\/www.von-wersabe.de\/?page_id=305","name":"Wurfplanung -","isPartOf":{"@id":"https:\/\/www.von-wersabe.de\/#website"},"primaryImageOfPage":{"@id":"https:\/\/www.von-wersabe.de\/?page_id=305#primaryimage"},"image":{"@id":"https:\/\/www.von-wersabe.de\/?page_id=305#primaryimage"},"thumbnailUrl":"https:\/\/www.von-wersabe.de\/wp-content\/uploads\/2021\/03\/start-1.jpg","datePublished":"2020-11-24T20:25:40+00:00","dateModified":"2026-04-12T12:36:49+00:00","breadcrumb":{"@id":"https:\/\/www.von-wersabe.de\/?page_id=305#breadcrumb"},"inLanguage":"de","potentialAction":[{"@type":"ReadAction","target":["https:\/\/www.von-wersabe.de\/?page_id=305"]}]},{"@type":"ImageObject","inLanguage":"de","@id":"https:\/\/www.von-wersabe.de\/?page_id=305#primaryimage","url":"https:\/\/www.von-wersabe.de\/wp-content\/uploads\/2021\/03\/start-1.jpg","contentUrl":"https:\/\/www.von-wersabe.de\/wp-content\/uploads\/2021\/03\/start-1.jpg","width":1919,"height":635},{"@type":"BreadcrumbList","@id":"https:\/\/www.von-wersabe.de\/?page_id=305#breadcrumb","itemListElement":[{"@type":"ListItem","position":1,"name":"Startseite","item":"https:\/\/www.von-wersabe.de\/"},{"@type":"ListItem","position":2,"name":"Wurfplanung"}]},{"@type":"WebSite","@id":"https:\/\/www.von-wersabe.de\/#website","url":"https:\/\/www.von-wersabe.de\/","name":"von-wersabe.de","description":"","potentialAction":[{"@type":"SearchAction","target":{"@type":"EntryPoint","urlTemplate":"https:\/\/www.von-wersabe.de\/?s={search_term_string}"},"query-input":{"@type":"PropertyValueSpecification","valueRequired":true,"valueName":"search_term_string"}}],"inLanguage":"de"}]}},"_links":{"self":[{"href":"https:\/\/www.von-wersabe.de\/index.php?rest_route=\/wp\/v2\/pages\/305"}],"collection":[{"href":"https:\/\/www.von-wersabe.de\/index.php?rest_route=\/wp\/v2\/pages"}],"about":[{"href":"https:\/\/www.von-wersabe.de\/index.php?rest_route=\/wp\/v2\/types\/page"}],"author":[{"embeddable":true,"href":"https:\/\/www.von-wersabe.de\/index.php?rest_route=\/wp\/v2\/users\/1"}],"replies":[{"embeddable":true,"href":"https:\/\/www.von-wersabe.de\/index.php?rest_route=%2Fwp%2Fv2%2Fcomments&post=305"}],"version-history":[{"count":79,"href":"https:\/\/www.von-wersabe.de\/index.php?rest_route=\/wp\/v2\/pages\/305\/revisions"}],"predecessor-version":[{"id":2867,"href":"https:\/\/www.von-wersabe.de\/index.php?rest_route=\/wp\/v2\/pages\/305\/revisions\/2867"}],"wp:attachment":[{"href":"https:\/\/www.von-wersabe.de\/index.php?rest_route=%2Fwp%2Fv2%2Fmedia&parent=305"}],"curies":[{"name":"wp","href":"https:\/\/api.w.org\/{rel}","templated":true}]}}