{"id":9,"date":"2020-10-28T21:39:33","date_gmt":"2020-10-28T20:39:33","guid":{"rendered":"http:\/\/www.von-wersabe.de\/wordpress\/?page_id=9"},"modified":"2026-04-12T14:32:45","modified_gmt":"2026-04-12T12:32:45","slug":"startseite","status":"publish","type":"page","link":"https:\/\/www.von-wersabe.de\/","title":{"rendered":"Startseite"},"content":{"rendered":"\t\t<div data-elementor-type=\"wp-page\" data-elementor-id=\"9\" class=\"elementor elementor-9\">\n\t\t\t\t\t\t<section class=\"elementor-section elementor-top-section elementor-element elementor-element-b03ed64 elementor-section-boxed elementor-section-height-default elementor-section-height-default\" data-id=\"b03ed64\" data-element_type=\"section\" data-e-type=\"section\">\n\t\t\t\t\t\t<div class=\"elementor-container elementor-column-gap-default\">\n\t\t\t\t\t<div class=\"elementor-column elementor-col-100 elementor-top-column elementor-element elementor-element-1f58d3e\" data-id=\"1f58d3e\" data-element_type=\"column\" data-e-type=\"column\">\n\t\t\t<div class=\"elementor-widget-wrap elementor-element-populated\">\n\t\t\t\t\t\t<div class=\"elementor-element elementor-element-7bda3d9 elementor-widget elementor-widget-heading\" data-id=\"7bda3d9\" data-element_type=\"widget\" data-e-type=\"widget\" data-widget_type=\"heading.default\">\n\t\t\t\t<div class=\"elementor-widget-container\">\n\t\t\t\t\t<h2 class=\"elementor-heading-title elementor-size-default\">Unser Jubil\u00e4umsjahr 2024: 25 Jahre Gordon Setter Zucht von Wersabe<\/h2>\t\t\t\t<\/div>\n\t\t\t\t<\/div>\n\t\t\t\t\t<\/div>\n\t\t<\/div>\n\t\t\t\t\t<\/div>\n\t\t<\/section>\n\t\t\t\t<section class=\"elementor-section elementor-top-section elementor-element elementor-element-14f3c79 elementor-section-boxed elementor-section-height-default elementor-section-height-default\" data-id=\"14f3c79\" data-element_type=\"section\" data-e-type=\"section\">\n\t\t\t\t\t\t<div class=\"elementor-container elementor-column-gap-default\">\n\t\t\t\t\t<div class=\"elementor-column elementor-col-100 elementor-top-column elementor-element elementor-element-11c0088\" data-id=\"11c0088\" data-element_type=\"column\" data-e-type=\"column\">\n\t\t\t<div class=\"elementor-widget-wrap elementor-element-populated\">\n\t\t\t\t\t\t<div class=\"elementor-element elementor-element-f2386ee elementor-hidden-phone elementor-widget elementor-widget-image\" data-id=\"f2386ee\" data-element_type=\"widget\" data-e-type=\"widget\" data-widget_type=\"image.default\">\n\t\t\t\t<div class=\"elementor-widget-container\">\n\t\t\t\t\t\t\t\t\t\t\t\t\t\t\t<img fetchpriority=\"high\" decoding=\"async\" width=\"1919\" height=\"635\" src=\"https:\/\/www.von-wersabe.de\/wp-content\/uploads\/2021\/03\/start-1.jpg\" class=\"attachment-full size-full wp-image-1121\" alt=\"\" srcset=\"https:\/\/www.von-wersabe.de\/wp-content\/uploads\/2021\/03\/start-1.jpg 1919w, https:\/\/www.von-wersabe.de\/wp-content\/uploads\/2021\/03\/start-1-300x99.jpg 300w, https:\/\/www.von-wersabe.de\/wp-content\/uploads\/2021\/03\/start-1-1024x339.jpg 1024w, https:\/\/www.von-wersabe.de\/wp-content\/uploads\/2021\/03\/start-1-768x254.jpg 768w, https:\/\/www.von-wersabe.de\/wp-content\/uploads\/2021\/03\/start-1-1536x508.jpg 1536w, https:\/\/www.von-wersabe.de\/wp-content\/uploads\/2021\/03\/start-1-1200x397.jpg 1200w\" sizes=\"(max-width: 1919px) 100vw, 1919px\" \/>\t\t\t\t\t\t\t\t\t\t\t\t\t\t\t<\/div>\n\t\t\t\t<\/div>\n\t\t\t\t\t<\/div>\n\t\t<\/div>\n\t\t\t\t\t<\/div>\n\t\t<\/section>\n\t\t\t\t<section class=\"elementor-section elementor-top-section elementor-element elementor-element-16ebe3b elementor-section-boxed elementor-section-height-default elementor-section-height-default\" data-id=\"16ebe3b\" data-element_type=\"section\" data-e-type=\"section\">\n\t\t\t\t\t\t<div class=\"elementor-container elementor-column-gap-default\">\n\t\t\t\t\t<div class=\"elementor-column elementor-col-100 elementor-top-column elementor-element elementor-element-8d5dca7\" data-id=\"8d5dca7\" data-element_type=\"column\" data-e-type=\"column\">\n\t\t\t<div class=\"elementor-widget-wrap elementor-element-populated\">\n\t\t\t\t\t\t<div class=\"elementor-element elementor-element-92efd63 elementor-widget elementor-widget-text-editor\" data-id=\"92efd63\" data-element_type=\"widget\" data-e-type=\"widget\" data-widget_type=\"text-editor.default\">\n\t\t\t\t<div class=\"elementor-widget-container\">\n\t\t\t\t\t\t\t\t\t<h2 style=\"text-align: center;\">Schauen Sie sich doch ruhig einmal auf unserer Homepage um und\u00a0 erfahren Sie von den vielf\u00e4ltigen Aktivit\u00e4ten unserer Hunde und ihrer Besitzer. Lassen Sie sich vom besonderen Charme dieser Rasse einfangen.<\/h2><h2 style=\"text-align: center;\">\u00dcber einen unverbindlichen Besuch freuen wir uns sehr, nehmen Sie gerne Kontakt mit uns auf!<\/h2>\t\t\t\t\t\t\t\t<\/div>\n\t\t\t\t<\/div>\n\t\t\t\t\t<\/div>\n\t\t<\/div>\n\t\t\t\t\t<\/div>\n\t\t<\/section>\n\t\t\t\t<section class=\"elementor-section elementor-top-section elementor-element elementor-element-21f5ead elementor-section-boxed elementor-section-height-default elementor-section-height-default\" data-id=\"21f5ead\" data-element_type=\"section\" data-e-type=\"section\">\n\t\t\t\t\t\t<div class=\"elementor-container elementor-column-gap-default\">\n\t\t\t\t\t<div class=\"elementor-column elementor-col-100 elementor-top-column elementor-element elementor-element-d683caf\" data-id=\"d683caf\" data-element_type=\"column\" data-e-type=\"column\">\n\t\t\t<div class=\"elementor-widget-wrap elementor-element-populated\">\n\t\t\t\t\t\t<div class=\"elementor-element elementor-element-ce9c62f elementor-widget elementor-widget-text-editor\" data-id=\"ce9c62f\" data-element_type=\"widget\" data-e-type=\"widget\" data-widget_type=\"text-editor.default\">\n\t\t\t\t<div class=\"elementor-widget-container\">\n\t\t\t\t\t\t\t\t\t<p>Folgen Sie uns auch f\u00fcr aktuelle Neuigkeiten auf <strong><a href=\"https:\/\/www.facebook.com\/gordonsetter.vonwersabe\">Facebook<\/a><\/strong>!<\/p>\t\t\t\t\t\t\t\t<\/div>\n\t\t\t\t<\/div>\n\t\t\t\t\t<\/div>\n\t\t<\/div>\n\t\t\t\t\t<\/div>\n\t\t<\/section>\n\t\t\t\t<section class=\"elementor-section elementor-top-section elementor-element elementor-element-fc4d4cc elementor-hidden-desktop elementor-hidden-tablet elementor-section-boxed elementor-section-height-default elementor-section-height-default\" data-id=\"fc4d4cc\" data-element_type=\"section\" data-e-type=\"section\">\n\t\t\t\t\t\t<div class=\"elementor-container elementor-column-gap-default\">\n\t\t\t\t\t<div class=\"elementor-column elementor-col-100 elementor-top-column elementor-element elementor-element-0719b3e\" data-id=\"0719b3e\" data-element_type=\"column\" data-e-type=\"column\">\n\t\t\t<div class=\"elementor-widget-wrap elementor-element-populated\">\n\t\t\t\t\t\t<div class=\"elementor-element elementor-element-a0d2b32 elementor-widget elementor-widget-image\" data-id=\"a0d2b32\" data-element_type=\"widget\" data-e-type=\"widget\" data-widget_type=\"image.default\">\n\t\t\t\t<div class=\"elementor-widget-container\">\n\t\t\t\t\t\t\t\t\t\t\t\t\t\t\t<img decoding=\"async\" width=\"986\" height=\"1270\" src=\"https:\/\/www.von-wersabe.de\/wp-content\/uploads\/2021\/03\/start_mobil.jpg\" class=\"attachment-2048x2048 size-2048x2048 wp-image-1120\" alt=\"\" srcset=\"https:\/\/www.von-wersabe.de\/wp-content\/uploads\/2021\/03\/start_mobil.jpg 986w, https:\/\/www.von-wersabe.de\/wp-content\/uploads\/2021\/03\/start_mobil-233x300.jpg 233w, https:\/\/www.von-wersabe.de\/wp-content\/uploads\/2021\/03\/start_mobil-795x1024.jpg 795w, https:\/\/www.von-wersabe.de\/wp-content\/uploads\/2021\/03\/start_mobil-768x989.jpg 768w\" sizes=\"(max-width: 986px) 100vw, 986px\" \/>\t\t\t\t\t\t\t\t\t\t\t\t\t\t\t<\/div>\n\t\t\t\t<\/div>\n\t\t\t\t\t<\/div>\n\t\t<\/div>\n\t\t\t\t\t<\/div>\n\t\t<\/section>\n\t\t\t\t<section class=\"elementor-section elementor-top-section elementor-element elementor-element-b4bf434 elementor-section-boxed elementor-section-height-default elementor-section-height-default\" data-id=\"b4bf434\" data-element_type=\"section\" data-e-type=\"section\">\n\t\t\t\t\t\t<div class=\"elementor-container elementor-column-gap-default\">\n\t\t\t\t\t<div class=\"elementor-column elementor-col-100 elementor-top-column elementor-element elementor-element-f57e52a\" data-id=\"f57e52a\" data-element_type=\"column\" data-e-type=\"column\">\n\t\t\t<div class=\"elementor-widget-wrap elementor-element-populated\">\n\t\t\t\t\t\t<div class=\"elementor-element elementor-element-609caf0 elementor-widget elementor-widget-text-editor\" data-id=\"609caf0\" data-element_type=\"widget\" data-e-type=\"widget\" data-widget_type=\"text-editor.default\">\n\t\t\t\t<div class=\"elementor-widget-container\">\n\t\t\t\t\t\t\t\t\t<p><a href=\"https:\/\/www.von-wersabe.de\/wordpress\/impressum\/\">Impressum<\/a> | <a href=\"https:\/\/www.von-wersabe.de\/wordpress\/datenschutz\">Datenschutz<\/a><\/p>\t\t\t\t\t\t\t\t<\/div>\n\t\t\t\t<\/div>\n\t\t\t\t\t<\/div>\n\t\t<\/div>\n\t\t\t\t\t<\/div>\n\t\t<\/section>\n\t\t\t\t<\/div>\n\t\t","protected":false},"excerpt":{"rendered":"<p>Unser Jubil\u00e4umsjahr 2024: 25 Jahre Gordon Setter Zucht von Wersabe Schauen Sie sich doch ruhig einmal auf unserer Homepage um und\u00a0 erfahren Sie von den vielf\u00e4ltigen Aktivit\u00e4ten unserer Hunde und ihrer Besitzer. Lassen Sie sich vom besonderen Charme dieser Rasse einfangen. \u00dcber einen unverbindlichen Besuch freuen wir uns sehr, nehmen Sie gerne Kontakt mit uns [&hellip;]<\/p>\n","protected":false},"author":1,"featured_media":0,"parent":0,"menu_order":0,"comment_status":"closed","ping_status":"closed","template":"","meta":{"footnotes":""},"class_list":["post-9","page","type-page","status-publish","hentry"],"yoast_head":"<!-- This site is optimized with the Yoast SEO plugin v25.6 - https:\/\/yoast.com\/wordpress\/plugins\/seo\/ -->\n<title>Startseite -<\/title>\n<meta name=\"robots\" content=\"index, follow, max-snippet:-1, max-image-preview:large, max-video-preview:-1\" \/>\n<link rel=\"canonical\" href=\"https:\/\/www.von-wersabe.de\/\" \/>\n<meta property=\"og:locale\" content=\"de_DE\" \/>\n<meta property=\"og:type\" content=\"article\" \/>\n<meta property=\"og:title\" content=\"Startseite -\" \/>\n<meta property=\"og:description\" content=\"Unser Jubil\u00e4umsjahr 2024: 25 Jahre Gordon Setter Zucht von Wersabe Schauen Sie sich doch ruhig einmal auf unserer Homepage um und\u00a0 erfahren Sie von den vielf\u00e4ltigen Aktivit\u00e4ten unserer Hunde und ihrer Besitzer. Lassen Sie sich vom besonderen Charme dieser Rasse einfangen. \u00dcber einen unverbindlichen Besuch freuen wir uns sehr, nehmen Sie gerne Kontakt mit uns [&hellip;]\" \/>\n<meta property=\"og:url\" content=\"https:\/\/www.von-wersabe.de\/\" \/>\n<meta property=\"article:modified_time\" content=\"2026-04-12T12:32:45+00:00\" \/>\n<meta property=\"og:image\" content=\"https:\/\/www.von-wersabe.de\/wp-content\/uploads\/2021\/03\/start-1.jpg\" \/>\n\t<meta property=\"og:image:width\" content=\"1919\" \/>\n\t<meta property=\"og:image:height\" content=\"635\" \/>\n\t<meta property=\"og:image:type\" content=\"image\/jpeg\" \/>\n<meta name=\"twitter:card\" content=\"summary_large_image\" \/>\n<meta name=\"twitter:label1\" content=\"Gesch\u00e4tzte Lesezeit\" \/>\n\t<meta name=\"twitter:data1\" content=\"1\u00a0Minute\" \/>\n<script type=\"application\/ld+json\" class=\"yoast-schema-graph\">{\"@context\":\"https:\/\/schema.org\",\"@graph\":[{\"@type\":\"WebPage\",\"@id\":\"https:\/\/www.von-wersabe.de\/\",\"url\":\"https:\/\/www.von-wersabe.de\/\",\"name\":\"Startseite -\",\"isPartOf\":{\"@id\":\"https:\/\/www.von-wersabe.de\/#website\"},\"primaryImageOfPage\":{\"@id\":\"https:\/\/www.von-wersabe.de\/#primaryimage\"},\"image\":{\"@id\":\"https:\/\/www.von-wersabe.de\/#primaryimage\"},\"thumbnailUrl\":\"https:\/\/www.von-wersabe.de\/wp-content\/uploads\/2021\/03\/start-1.jpg\",\"datePublished\":\"2020-10-28T20:39:33+00:00\",\"dateModified\":\"2026-04-12T12:32:45+00:00\",\"breadcrumb\":{\"@id\":\"https:\/\/www.von-wersabe.de\/#breadcrumb\"},\"inLanguage\":\"de\",\"potentialAction\":[{\"@type\":\"ReadAction\",\"target\":[\"https:\/\/www.von-wersabe.de\/\"]}]},{\"@type\":\"ImageObject\",\"inLanguage\":\"de\",\"@id\":\"https:\/\/www.von-wersabe.de\/#primaryimage\",\"url\":\"https:\/\/www.von-wersabe.de\/wp-content\/uploads\/2021\/03\/start-1.jpg\",\"contentUrl\":\"https:\/\/www.von-wersabe.de\/wp-content\/uploads\/2021\/03\/start-1.jpg\",\"width\":1919,\"height\":635},{\"@type\":\"BreadcrumbList\",\"@id\":\"https:\/\/www.von-wersabe.de\/#breadcrumb\",\"itemListElement\":[{\"@type\":\"ListItem\",\"position\":1,\"name\":\"Startseite\",\"item\":\"https:\/\/www.von-wersabe.de\/\"},{\"@type\":\"ListItem\",\"position\":2,\"name\":\"Startseite\"}]},{\"@type\":\"WebSite\",\"@id\":\"https:\/\/www.von-wersabe.de\/#website\",\"url\":\"https:\/\/www.von-wersabe.de\/\",\"name\":\"von-wersabe.de\",\"description\":\"\",\"potentialAction\":[{\"@type\":\"SearchAction\",\"target\":{\"@type\":\"EntryPoint\",\"urlTemplate\":\"https:\/\/www.von-wersabe.de\/?s={search_term_string}\"},\"query-input\":{\"@type\":\"PropertyValueSpecification\",\"valueRequired\":true,\"valueName\":\"search_term_string\"}}],\"inLanguage\":\"de\"}]}<\/script>\n<!-- \/ Yoast SEO plugin. -->","yoast_head_json":{"title":"Startseite -","robots":{"index":"index","follow":"follow","max-snippet":"max-snippet:-1","max-image-preview":"max-image-preview:large","max-video-preview":"max-video-preview:-1"},"canonical":"https:\/\/www.von-wersabe.de\/","og_locale":"de_DE","og_type":"article","og_title":"Startseite -","og_description":"Unser Jubil\u00e4umsjahr 2024: 25 Jahre Gordon Setter Zucht von Wersabe Schauen Sie sich doch ruhig einmal auf unserer Homepage um und\u00a0 erfahren Sie von den vielf\u00e4ltigen Aktivit\u00e4ten unserer Hunde und ihrer Besitzer. Lassen Sie sich vom besonderen Charme dieser Rasse einfangen. \u00dcber einen unverbindlichen Besuch freuen wir uns sehr, nehmen Sie gerne Kontakt mit uns [&hellip;]","og_url":"https:\/\/www.von-wersabe.de\/","article_modified_time":"2026-04-12T12:32:45+00:00","og_image":[{"width":1919,"height":635,"url":"https:\/\/www.von-wersabe.de\/wp-content\/uploads\/2021\/03\/start-1.jpg","type":"image\/jpeg"}],"twitter_card":"summary_large_image","twitter_misc":{"Gesch\u00e4tzte Lesezeit":"1\u00a0Minute"},"schema":{"@context":"https:\/\/schema.org","@graph":[{"@type":"WebPage","@id":"https:\/\/www.von-wersabe.de\/","url":"https:\/\/www.von-wersabe.de\/","name":"Startseite -","isPartOf":{"@id":"https:\/\/www.von-wersabe.de\/#website"},"primaryImageOfPage":{"@id":"https:\/\/www.von-wersabe.de\/#primaryimage"},"image":{"@id":"https:\/\/www.von-wersabe.de\/#primaryimage"},"thumbnailUrl":"https:\/\/www.von-wersabe.de\/wp-content\/uploads\/2021\/03\/start-1.jpg","datePublished":"2020-10-28T20:39:33+00:00","dateModified":"2026-04-12T12:32:45+00:00","breadcrumb":{"@id":"https:\/\/www.von-wersabe.de\/#breadcrumb"},"inLanguage":"de","potentialAction":[{"@type":"ReadAction","target":["https:\/\/www.von-wersabe.de\/"]}]},{"@type":"ImageObject","inLanguage":"de","@id":"https:\/\/www.von-wersabe.de\/#primaryimage","url":"https:\/\/www.von-wersabe.de\/wp-content\/uploads\/2021\/03\/start-1.jpg","contentUrl":"https:\/\/www.von-wersabe.de\/wp-content\/uploads\/2021\/03\/start-1.jpg","width":1919,"height":635},{"@type":"BreadcrumbList","@id":"https:\/\/www.von-wersabe.de\/#breadcrumb","itemListElement":[{"@type":"ListItem","position":1,"name":"Startseite","item":"https:\/\/www.von-wersabe.de\/"},{"@type":"ListItem","position":2,"name":"Startseite"}]},{"@type":"WebSite","@id":"https:\/\/www.von-wersabe.de\/#website","url":"https:\/\/www.von-wersabe.de\/","name":"von-wersabe.de","description":"","potentialAction":[{"@type":"SearchAction","target":{"@type":"EntryPoint","urlTemplate":"https:\/\/www.von-wersabe.de\/?s={search_term_string}"},"query-input":{"@type":"PropertyValueSpecification","valueRequired":true,"valueName":"search_term_string"}}],"inLanguage":"de"}]}},"_links":{"self":[{"href":"https:\/\/www.von-wersabe.de\/index.php?rest_route=\/wp\/v2\/pages\/9"}],"collection":[{"href":"https:\/\/www.von-wersabe.de\/index.php?rest_route=\/wp\/v2\/pages"}],"about":[{"href":"https:\/\/www.von-wersabe.de\/index.php?rest_route=\/wp\/v2\/types\/page"}],"author":[{"embeddable":true,"href":"https:\/\/www.von-wersabe.de\/index.php?rest_route=\/wp\/v2\/users\/1"}],"replies":[{"embeddable":true,"href":"https:\/\/www.von-wersabe.de\/index.php?rest_route=%2Fwp%2Fv2%2Fcomments&post=9"}],"version-history":[{"count":156,"href":"https:\/\/www.von-wersabe.de\/index.php?rest_route=\/wp\/v2\/pages\/9\/revisions"}],"predecessor-version":[{"id":2864,"href":"https:\/\/www.von-wersabe.de\/index.php?rest_route=\/wp\/v2\/pages\/9\/revisions\/2864"}],"wp:attachment":[{"href":"https:\/\/www.von-wersabe.de\/index.php?rest_route=%2Fwp%2Fv2%2Fmedia&parent=9"}],"curies":[{"name":"wp","href":"https:\/\/api.w.org\/{rel}","templated":true}]}}